{"id":727,"date":"2026-02-21T12:14:16","date_gmt":"2026-02-21T15:14:16","guid":{"rendered":"https:\/\/expoqueijobrasil.com.br\/o-concurso\/"},"modified":"2026-03-14T09:58:24","modified_gmt":"2026-03-14T12:58:24","slug":"o-concurso","status":"publish","type":"page","link":"https:\/\/expoqueijobrasil.com.br\/fr\/o-concurso\/","title":{"rendered":"Le Concours"},"content":{"rendered":"\t\t<div data-elementor-type=\"wp-page\" data-elementor-id=\"727\" class=\"elementor elementor-727 elementor-21\" data-elementor-post-type=\"page\">\n\t\t\t\t<div class=\"elementor-element elementor-element-ef8b536 e-con-full e-flex e-con e-parent\" data-id=\"ef8b536\" data-element_type=\"container\" data-e-type=\"container\" data-settings=\"{&quot;background_background&quot;:&quot;classic&quot;}\">\n\t\t\t\t<div class=\"elementor-element elementor-element-1e4375c expo-text-reveal elementor-widget elementor-widget-heading\" data-id=\"1e4375c\" data-element_type=\"widget\" data-e-type=\"widget\" data-widget_type=\"heading.default\">\n\t\t\t\t\t<h1 class=\"elementor-heading-title elementor-size-default\">Le Concours<\/h1>\t\t\t\t<\/div>\n\t\t\t\t<div class=\"elementor-element elementor-element-8f062d8 expo-word-reveal elementor-widget elementor-widget-text-editor\" data-id=\"8f062d8\" data-element_type=\"widget\" data-e-type=\"widget\" data-widget_type=\"text-editor.default\">\n\t\t\t\t\t\t\t\t\t<p style=\"text-align:center; color: rgba(255,255,255,0.7); font-family: Montserrat; font-size: 16px; letter-spacing: 2px; text-transform: uppercase; margin-top: 16px;\">Prix Internationaux du Fromage d&rsquo;Arax\u00e1<\/p>\t\t\t\t\t\t\t\t<\/div>\n\t\t\t\t<\/div>\n\t\t<div class=\"elementor-element elementor-element-f77abe7 e-con-boxed e-flex e-con e-parent\" data-id=\"f77abe7\" data-element_type=\"container\" data-e-type=\"container\" data-settings=\"{&quot;background_background&quot;:&quot;classic&quot;}\">\n\t\t\t\t\t<div class=\"e-con-inner\">\n\t\t\t\t<div class=\"elementor-element elementor-element-622e7ef expo-text-reveal elementor-widget elementor-widget-text-editor\" data-id=\"622e7ef\" data-element_type=\"widget\" data-e-type=\"widget\" data-widget_type=\"text-editor.default\">\n\t\t\t\t\t\t\t\t\t<h2 style=\"font-family: DM Serif Display; font-size: 36px; margin-bottom: 24px;\">Concours International de Fromages d&rsquo;Arax\u00e1<\/h2>\n<p>Le concours international de fromages de l&rsquo;ExpoQueijo Brasil est l&rsquo;une des comp\u00e9titions les plus prestigieuses du secteur en Am\u00e9rique Latine. Des jur\u00e9s internationaux \u00e9valuent des fromages de tout le Br\u00e9sil dans diverses cat\u00e9gories.<\/p>\n<p>Les fromages sont \u00e9valu\u00e9s selon des crit\u00e8res rigoureux d&rsquo;apparence, de texture, d&rsquo;ar\u00f4me et de saveur, suivant les normes internationales d&rsquo;\u00e9valuation.<\/p>\t\t\t\t\t\t\t\t<\/div>\n\t\t\t\t\t<\/div>\n\t\t\t\t<\/div>\n\t\t<div class=\"elementor-element elementor-element-e78c882 e-con-boxed e-flex e-con e-parent\" data-id=\"e78c882\" data-element_type=\"container\" data-e-type=\"container\" data-settings=\"{&quot;background_background&quot;:&quot;classic&quot;}\">\n\t\t\t\t\t<div class=\"e-con-inner\">\n\t\t<div class=\"elementor-element elementor-element-5ca409e e-con-full e-flex e-con e-child\" data-id=\"5ca409e\" data-element_type=\"container\" data-e-type=\"container\">\n\t\t\t\t<div class=\"elementor-element elementor-element-5bd5441 expo-text-reveal elementor-widget elementor-widget-text-editor\" data-id=\"5bd5441\" data-element_type=\"widget\" data-e-type=\"widget\" data-widget_type=\"text-editor.default\">\n\t\t\t\t\t\t\t\t\t<h3 style=\"font-family: DM Serif Display; font-size: 28px; margin-bottom: 16px;\">Cat\u00e9gories<\/h3>\n                <ul style=\"list-style: none; padding: 0;\">\n                    <li style=\"padding: 8px 0; border-bottom: 1px solid rgba(255,255,255,0.15); color: #fff;\">\ud83e\udd47 Fromages Frais<\/li>\n                    <li style=\"padding: 8px 0; border-bottom: 1px solid rgba(255,255,255,0.15); color: #fff;\">\ud83e\udd47 Fromages Affin\u00e9s<\/li>\n                    <li style=\"padding: 8px 0; border-bottom: 1px solid rgba(255,255,255,0.15); color: #fff;\">\ud83e\udd47 Fromages Bleus<\/li>\n                    <li style=\"padding: 8px 0; border-bottom: 1px solid rgba(255,255,255,0.15); color: #fff;\">\ud83e\udd47 Fromages \u00e0 Cro\u00fbte Lav\u00e9e<\/li>\n                    <li style=\"padding: 8px 0; color: #fff;\">\ud83e\udd47 Fromages Fum\u00e9s<\/li>\n                <\/ul>\t\t\t\t\t\t\t\t<\/div>\n\t\t\t\t<\/div>\n\t\t<div class=\"elementor-element elementor-element-8517471 e-con-full e-flex e-con e-child\" data-id=\"8517471\" data-element_type=\"container\" data-e-type=\"container\">\n\t\t\t\t<div class=\"elementor-element elementor-element-98b84a0 expo-text-reveal elementor-widget elementor-widget-text-editor\" data-id=\"98b84a0\" data-element_type=\"widget\" data-e-type=\"widget\" data-widget_type=\"text-editor.default\">\n\t\t\t\t\t\t\t\t\t<h3 style=\"font-family: DM Serif Display; font-size: 28px; margin-bottom: 16px; color: #fff;\">R\u00e9compense<\/h3>\n<p style=\"color: rgba(255,255,255,0.85);\">Les fromages gagnants re\u00e7oivent des m\u00e9dailles d&rsquo;Or, d&rsquo;Argent et de Bronze, ainsi que le prix de Super Or pour le meilleur fromage du concours. Le sceau de r\u00e9compense est reconnu nationalement et internationalement.<\/p>\t\t\t\t\t\t\t\t<\/div>\n\t\t\t\t<\/div>\n\t\t\t\t\t<\/div>\n\t\t\t\t<\/div>\n\t\t<div class=\"elementor-element elementor-element-70998df e-con-boxed e-flex e-con e-parent\" data-id=\"70998df\" data-element_type=\"container\" data-e-type=\"container\" data-settings=\"{&quot;background_background&quot;:&quot;classic&quot;}\">\n\t\t\t\t\t<div class=\"e-con-inner\">\n\t\t\t\t<div class=\"elementor-element elementor-element-151cc8e elementor-widget elementor-widget-heading\" data-id=\"151cc8e\" data-element_type=\"widget\" data-e-type=\"widget\" data-widget_type=\"heading.default\">\n\t\t\t\t\t<h2 class=\"elementor-heading-title elementor-size-default\">Inscrivez votre fromage<\/h2>\t\t\t\t<\/div>\n\t\t\t\t<div class=\"elementor-element elementor-element-2d0722a elementor-align-center elementor-button-default expo-btn expo-btn-accent elementor-widget elementor-widget-button\" data-id=\"2d0722a\" data-element_type=\"widget\" data-e-type=\"widget\" data-widget_type=\"button.default\">\n\t\t\t\t\t\t\t\t\t\t<a class=\"elementor-button elementor-button-link elementor-size-sm\" href=\"\/faca-sua-inscricao\/\">\n\t\t\t\t\t\t<span class=\"elementor-button-content-wrapper\">\n\t\t\t\t\t\t\t\t\t<span class=\"elementor-button-text\">S'inscrire<\/span>\n\t\t\t\t\t<\/span>\n\t\t\t\t\t<\/a>\n\t\t\t\t\t\t\t\t<\/div>\n\t\t\t\t\t<\/div>\n\t\t\t\t<\/div>\n\t\t\t\t<\/div>\n\t\t","protected":false},"excerpt":{"rendered":"<p>Concours International de Fromages Artisanaux \u2014 ExpoQueijo Br\u00e9sil 2026. Partenariat avec ILCT\/Epamig.<\/p>\n","protected":false},"author":2,"featured_media":0,"parent":0,"menu_order":6,"comment_status":"closed","ping_status":"closed","template":"elementor_header_footer","meta":{"_acf_changed":false,"footnotes":""},"class_list":["post-727","page","type-page","status-publish","hentry"],"acf":[],"_links":{"self":[{"href":"https:\/\/expoqueijobrasil.com.br\/fr\/wp-json\/wp\/v2\/pages\/727","targetHints":{"allow":["GET"]}}],"collection":[{"href":"https:\/\/expoqueijobrasil.com.br\/fr\/wp-json\/wp\/v2\/pages"}],"about":[{"href":"https:\/\/expoqueijobrasil.com.br\/fr\/wp-json\/wp\/v2\/types\/page"}],"author":[{"embeddable":true,"href":"https:\/\/expoqueijobrasil.com.br\/fr\/wp-json\/wp\/v2\/users\/2"}],"replies":[{"embeddable":true,"href":"https:\/\/expoqueijobrasil.com.br\/fr\/wp-json\/wp\/v2\/comments?post=727"}],"version-history":[{"count":1,"href":"https:\/\/expoqueijobrasil.com.br\/fr\/wp-json\/wp\/v2\/pages\/727\/revisions"}],"predecessor-version":[{"id":728,"href":"https:\/\/expoqueijobrasil.com.br\/fr\/wp-json\/wp\/v2\/pages\/727\/revisions\/728"}],"wp:attachment":[{"href":"https:\/\/expoqueijobrasil.com.br\/fr\/wp-json\/wp\/v2\/media?parent=727"}],"curies":[{"name":"wp","href":"https:\/\/api.w.org\/{rel}","templated":true}]}}