{"id":566,"date":"2026-02-21T12:14:16","date_gmt":"2026-02-21T15:14:16","guid":{"rendered":"https:\/\/expoqueijobrasil.com.br\/o-concurso\/"},"modified":"2026-03-14T09:57:59","modified_gmt":"2026-03-14T12:57:59","slug":"o-concurso","status":"publish","type":"page","link":"https:\/\/expoqueijobrasil.com.br\/es\/o-concurso\/","title":{"rendered":"El Concurso"},"content":{"rendered":"\t\t<div data-elementor-type=\"wp-page\" data-elementor-id=\"566\" class=\"elementor elementor-566 elementor-21\" data-elementor-post-type=\"page\">\n\t\t\t\t<div class=\"elementor-element elementor-element-ef8b536 e-con-full e-flex e-con e-parent\" data-id=\"ef8b536\" data-element_type=\"container\" data-e-type=\"container\" data-settings=\"{&quot;background_background&quot;:&quot;classic&quot;}\">\n\t\t\t\t<div class=\"elementor-element elementor-element-1e4375c expo-text-reveal elementor-widget elementor-widget-heading\" data-id=\"1e4375c\" data-element_type=\"widget\" data-e-type=\"widget\" data-widget_type=\"heading.default\">\n\t\t\t\t\t<h1 class=\"elementor-heading-title elementor-size-default\">El Concurso<\/h1>\t\t\t\t<\/div>\n\t\t\t\t<div class=\"elementor-element elementor-element-8f062d8 expo-word-reveal elementor-widget elementor-widget-text-editor\" data-id=\"8f062d8\" data-element_type=\"widget\" data-e-type=\"widget\" data-widget_type=\"text-editor.default\">\n\t\t\t\t\t\t\t\t\t<p style=\"text-align:center; color: rgba(255,255,255,0.7); font-family: Montserrat; font-size: 16px; letter-spacing: 2px; text-transform: uppercase; margin-top: 16px;\">Premios Internacionales de Queso de Arax\u00e1<\/p>\t\t\t\t\t\t\t\t<\/div>\n\t\t\t\t<\/div>\n\t\t<div class=\"elementor-element elementor-element-f77abe7 e-con-boxed e-flex e-con e-parent\" data-id=\"f77abe7\" data-element_type=\"container\" data-e-type=\"container\" data-settings=\"{&quot;background_background&quot;:&quot;classic&quot;}\">\n\t\t\t\t\t<div class=\"e-con-inner\">\n\t\t\t\t<div class=\"elementor-element elementor-element-622e7ef expo-text-reveal elementor-widget elementor-widget-text-editor\" data-id=\"622e7ef\" data-element_type=\"widget\" data-e-type=\"widget\" data-widget_type=\"text-editor.default\">\n\t\t\t\t\t\t\t\t\t<h2 style=\"font-family: DM Serif Display; font-size: 36px; margin-bottom: 24px;\">Premios Internacionales de Queso de Arax\u00e1<\/h2>\n<p>El concurso internacional de quesos de la ExpoQueijo Brasil es una de las competiciones m\u00e1s prestigiosas del sector en Am\u00e9rica Latina. Jurados internacionales eval\u00faan quesos de todo Brasil en diversas categor\u00edas.<\/p>\n<p>Los quesos son evaluados por criterios rigurosos de apariencia, textura, aroma y sabor, siguiendo los est\u00e1ndares internacionales de evaluaci\u00f3n.<\/p>\t\t\t\t\t\t\t\t<\/div>\n\t\t\t\t\t<\/div>\n\t\t\t\t<\/div>\n\t\t<div class=\"elementor-element elementor-element-e78c882 e-con-boxed e-flex e-con e-parent\" data-id=\"e78c882\" data-element_type=\"container\" data-e-type=\"container\" data-settings=\"{&quot;background_background&quot;:&quot;classic&quot;}\">\n\t\t\t\t\t<div class=\"e-con-inner\">\n\t\t<div class=\"elementor-element elementor-element-5ca409e e-con-full e-flex e-con e-child\" data-id=\"5ca409e\" data-element_type=\"container\" data-e-type=\"container\">\n\t\t\t\t<div class=\"elementor-element elementor-element-5bd5441 expo-text-reveal elementor-widget elementor-widget-text-editor\" data-id=\"5bd5441\" data-element_type=\"widget\" data-e-type=\"widget\" data-widget_type=\"text-editor.default\">\n\t\t\t\t\t\t\t\t\t<h3 style=\"font-family: DM Serif Display; font-size: 28px; margin-bottom: 16px;\">Categor\u00edas<\/h3>\n                <ul style=\"list-style: none; padding: 0;\">\n                    <li style=\"padding: 8px 0; border-bottom: 1px solid rgba(255,255,255,0.15); color: #fff;\">\ud83e\udd47 Quesos Frescos<\/li>\n                    <li style=\"padding: 8px 0; border-bottom: 1px solid rgba(255,255,255,0.15); color: #fff;\">\ud83e\udd47 Quesos Madurados<\/li>\n                    <li style=\"padding: 8px 0; border-bottom: 1px solid rgba(255,255,255,0.15); color: #fff;\">\ud83e\udd47 Quesos Azules<\/li>\n                    <li style=\"padding: 8px 0; border-bottom: 1px solid rgba(255,255,255,0.15); color: #fff;\">\ud83e\udd47 Quesos de Corteza Lavada<\/li>\n                    <li style=\"padding: 8px 0; color: #fff;\">\ud83e\udd47 Quesos Ahumados<\/li>\n                <\/ul>\t\t\t\t\t\t\t\t<\/div>\n\t\t\t\t<\/div>\n\t\t<div class=\"elementor-element elementor-element-8517471 e-con-full e-flex e-con e-child\" data-id=\"8517471\" data-element_type=\"container\" data-e-type=\"container\">\n\t\t\t\t<div class=\"elementor-element elementor-element-98b84a0 expo-text-reveal elementor-widget elementor-widget-text-editor\" data-id=\"98b84a0\" data-element_type=\"widget\" data-e-type=\"widget\" data-widget_type=\"text-editor.default\">\n\t\t\t\t\t\t\t\t\t<h3 style=\"font-family: DM Serif Display; font-size: 28px; margin-bottom: 16px; color: #fff;\">Premiaci\u00f3n<\/h3>\n                <p style=\"color: rgba(255,255,255,0.85);\">Los quesos ganadores reciben medallas de Oro, Plata y Bronce, adem\u00e1s del premio de S\u00faper Oro para el mejor queso del concurso. El sello de premiaci\u00f3n es reconocido nacional e internacionalmente.<\/p>\t\t\t\t\t\t\t\t<\/div>\n\t\t\t\t<\/div>\n\t\t\t\t\t<\/div>\n\t\t\t\t<\/div>\n\t\t<div class=\"elementor-element elementor-element-70998df e-con-boxed e-flex e-con e-parent\" data-id=\"70998df\" data-element_type=\"container\" data-e-type=\"container\" data-settings=\"{&quot;background_background&quot;:&quot;classic&quot;}\">\n\t\t\t\t\t<div class=\"e-con-inner\">\n\t\t\t\t<div class=\"elementor-element elementor-element-151cc8e elementor-widget elementor-widget-heading\" data-id=\"151cc8e\" data-element_type=\"widget\" data-e-type=\"widget\" data-widget_type=\"heading.default\">\n\t\t\t\t\t<h2 class=\"elementor-heading-title elementor-size-default\">Inscriba su Queso<\/h2>\t\t\t\t<\/div>\n\t\t\t\t<div class=\"elementor-element elementor-element-2d0722a elementor-align-center elementor-button-default expo-btn expo-btn-accent elementor-widget elementor-widget-button\" data-id=\"2d0722a\" data-element_type=\"widget\" data-e-type=\"widget\" data-widget_type=\"button.default\">\n\t\t\t\t\t\t\t\t\t\t<a class=\"elementor-button elementor-button-link elementor-size-sm\" href=\"\/faca-sua-inscricao\/\">\n\t\t\t\t\t\t<span class=\"elementor-button-content-wrapper\">\n\t\t\t\t\t\t\t\t\t<span class=\"elementor-button-text\">Hacer Inscripci\u00f3n<\/span>\n\t\t\t\t\t<\/span>\n\t\t\t\t\t<\/a>\n\t\t\t\t\t\t\t\t<\/div>\n\t\t\t\t\t<\/div>\n\t\t\t\t<\/div>\n\t\t\t\t<\/div>\n\t\t","protected":false},"excerpt":{"rendered":"<p>Concurso Internacional de Quesos Artesanales \u2014 ExpoQueso Brasil 2026. Asociaci\u00f3n con ILCT\/Epamig.<\/p>\n","protected":false},"author":2,"featured_media":0,"parent":0,"menu_order":6,"comment_status":"closed","ping_status":"closed","template":"elementor_header_footer","meta":{"_acf_changed":false,"footnotes":""},"class_list":["post-566","page","type-page","status-publish","hentry"],"acf":[],"_links":{"self":[{"href":"https:\/\/expoqueijobrasil.com.br\/es\/wp-json\/wp\/v2\/pages\/566","targetHints":{"allow":["GET"]}}],"collection":[{"href":"https:\/\/expoqueijobrasil.com.br\/es\/wp-json\/wp\/v2\/pages"}],"about":[{"href":"https:\/\/expoqueijobrasil.com.br\/es\/wp-json\/wp\/v2\/types\/page"}],"author":[{"embeddable":true,"href":"https:\/\/expoqueijobrasil.com.br\/es\/wp-json\/wp\/v2\/users\/2"}],"replies":[{"embeddable":true,"href":"https:\/\/expoqueijobrasil.com.br\/es\/wp-json\/wp\/v2\/comments?post=566"}],"version-history":[{"count":3,"href":"https:\/\/expoqueijobrasil.com.br\/es\/wp-json\/wp\/v2\/pages\/566\/revisions"}],"predecessor-version":[{"id":725,"href":"https:\/\/expoqueijobrasil.com.br\/es\/wp-json\/wp\/v2\/pages\/566\/revisions\/725"}],"wp:attachment":[{"href":"https:\/\/expoqueijobrasil.com.br\/es\/wp-json\/wp\/v2\/media?parent=566"}],"curies":[{"name":"wp","href":"https:\/\/api.w.org\/{rel}","templated":true}]}}